{"id":2803,"date":"2019-01-18T13:38:58","date_gmt":"2019-01-18T11:38:58","guid":{"rendered":"https:\/\/euroline.gr\/?page_id=2803"},"modified":"2021-09-27T09:50:46","modified_gmt":"2021-09-27T06:50:46","slug":"notizie","status":"publish","type":"page","link":"https:\/\/euroline.gr\/it\/notizie\/","title":{"rendered":"Notizie"},"content":{"rendered":"<div class=\"wpb-content-wrapper\"><p>[vc_row full_width=&#8221;stretch_row&#8221; css=&#8221;.vc_custom_1517824080820{background: #fafafa url(https:\/\/euroline.gr\/wp-content\/uploads\/2017\/06\/map-2.png?id=354) !important;background-position: center !important;background-repeat: no-repeat !important;background-size: cover !important;}&#8221;][vc_column][lab_heading title_tag=&#8221;H1&#8243; title=&#8221;Notizie&#8221; el_class=&#8221;tours-title destinations-title&#8221;]Qui di seguito troverai le notizie della nostra Azienda![\/lab_heading][\/vc_column][\/vc_row][vc_row full_width=&#8221;stretch_row&#8221; css=&#8221;.vc_custom_1523631145223{background-color: #fafafa !important;}&#8221;][vc_column][vc_column_text]<span lang=\"IT\">A Euroline siamo convinti che l&#8217;attivit\u00e0 imprenditoriale vada di pari passo con la responsabilit\u00e0 sociale, pertanto offrire alla comunit\u00e0 nel suo intero fa parte della nostra filosofia. L&#8217;attivit\u00e0 sociale dell&#8217;Azienda \u00e8 parte integrante della sua storia che conta 18 anni, con un&#8217;importante opera a livello sociale, culturale e filantropico, sia presso le comunit\u00e0 locali sia in tutta la Grecia. Le attivit\u00e0 coprono una vasta gamma di azioni su ambiente, salute, bambini, cultura e sport.<\/span><\/p>\n<p><span lang=\"IT\">Pertanto, nonostante la crisi economica internazionale e nazionale, Euroline continua a fare ogni sforzo per soddisfare le esigenze dei suoi concittadini e per offrire alla comunit\u00e0 nel suo intero.<\/span>[\/vc_column_text][\/vc_column][\/vc_row][vc_row full_width=&#8221;stretch_row&#8221; css=&#8221;.vc_custom_1523631176686{background-color: #fafafa !important;}&#8221;][vc_column][lab_blog_posts masonry=&#8221;fitRows&#8221; hover_layer_icon=&#8221;custom&#8221; more_link=&#8221;|||&#8221;][\/vc_column][\/vc_row][vc_row full_width=&#8221;stretch_row&#8221; css=&#8221;.vc_custom_1517566517078{background-color: #fafafa !important;}&#8221;][vc_column][vc_text_separator title=&#8221;Sponsor di spettacoli teatrali&#8221; i_icon_fontawesome=&#8221;fa fa-ship&#8221; i_color=&#8221;custom&#8221; i_size=&#8221;sm&#8221; title_align=&#8221;separator_align_left&#8221; color=&#8221;custom&#8221; add_icon=&#8221;true&#8221; accent_color=&#8221;#004f8e&#8221; i_custom_color=&#8221;#004f8e&#8221; css=&#8221;.vc_custom_1547811413353{margin-bottom: 0px !important;}&#8221;][\/vc_column][vc_column width=&#8221;4\/12&#8243;][vc_single_image image=&#8221;1707&#8243; img_size=&#8221;full&#8221; alignment=&#8221;center&#8221; onclick=&#8221;link_image&#8221;][vc_column_text]<\/p>\n<h4><a href=\"https:\/\/www.patrasevents.gr\/article\/239511-h-euroline-travel-s-bakolias-efere-ton-arxaio-tragiko-logo-stin-vasi-tou-stin-dodoni-video#\" target=\"_blank\" rel=\"noopener\">\u00abDodona, luogo di azione importante e ideale\u00bb \u00a0<\/a><\/h4>\n<p>COMUNE DI DODONA[\/vc_column_text][\/vc_column][vc_column width=&#8221;4\/12&#8243;][vc_single_image image=&#8221;1704&#8243; img_size=&#8221;full&#8221; alignment=&#8221;center&#8221; onclick=&#8221;link_image&#8221;][vc_column_text]<\/p>\n<h4>Diamo l\u2019addio all&#8217;estate suonando e cantando<\/h4>\n<p>CENTRO DI PREVENZIONE ARIADNE[\/vc_column_text][\/vc_column][vc_column width=&#8221;4\/12&#8243;][vc_single_image image=&#8221;1701&#8243; img_size=&#8221;full&#8221; onclick=&#8221;link_image&#8221;][vc_column_text]<\/p>\n<h4>La luna piena dell&#8217;amore<\/h4>\n<p>I FESTIVAL DI DODONA[\/vc_column_text][\/vc_column][\/vc_row][vc_row full_width=&#8221;stretch_row&#8221; css=&#8221;.vc_custom_1517566517078{background-color: #fafafa !important;}&#8221;][vc_column][vc_text_separator title=&#8221;Sponsor di fiere&#8221; i_icon_fontawesome=&#8221;fa fa-ship&#8221; i_color=&#8221;custom&#8221; i_size=&#8221;sm&#8221; title_align=&#8221;separator_align_left&#8221; color=&#8221;custom&#8221; add_icon=&#8221;true&#8221; accent_color=&#8221;#004f8e&#8221; i_custom_color=&#8221;#004f8e&#8221; css=&#8221;.vc_custom_1547811483815{margin-bottom: 0px !important;}&#8221;][\/vc_column][vc_column width=&#8221;4\/12&#8243;][vc_single_image image=&#8221;1666&#8243; img_size=&#8221;full&#8221; alignment=&#8221;center&#8221; onclick=&#8221;link_image&#8221;][vc_column_text]<\/p>\n<h4><a href=\"https:\/\/www.epilogesmagazines.gr\/viewarticle.php?productID=6051&amp;id=379\" target=\"_blank\" rel=\"noopener\">SCELTE WEDDING SHOW 2015!<\/a><\/h4>\n<p>[\/vc_column_text][\/vc_column][vc_column width=&#8221;4\/12&#8243;][vc_single_image image=&#8221;1668&#8243; img_size=&#8221;full&#8221; alignment=&#8221;center&#8221; onclick=&#8221;link_image&#8221;][vc_column_text]<\/p>\n<h4><a href=\"https:\/\/www.patrasevents.gr\/article\/257695-to-megalitero-wedding-show-tis-xronias#\" target=\"_blank\" rel=\"noopener\">Diamond Events Wedding Show<\/a><\/h4>\n<p>[\/vc_column_text][\/vc_column][vc_column width=&#8221;4\/12&#8243;][vc_single_image image=&#8221;1711&#8243; img_size=&#8221;full&#8221; alignment=&#8221;center&#8221; onclick=&#8221;link_image&#8221;][vc_column_text]<\/p>\n<h4>Open Water Races<\/h4>\n<p>IONIAN EXPLORERS[\/vc_column_text][\/vc_column][vc_column width=&#8221;4\/12&#8243;][vc_single_image image=&#8221;1714&#8243; img_size=&#8221;full&#8221; alignment=&#8221;center&#8221; onclick=&#8221;link_image&#8221;][vc_column_text]<\/p>\n<h4>26a Mostra annuale dell\u2019artigianato<\/h4>\n<p>ASSOCIAZIONE \u201cLA FIAMMA\u201d[\/vc_column_text][\/vc_column][\/vc_row]<\/p>\n<\/div>","protected":false},"excerpt":{"rendered":"<p>[vc_row full_width=&#8221;stretch_row&#8221; css=&#8221;.vc_custom_1517824080820{background: #fafafa url(https:\/\/euroline.gr\/wp-content\/uploads\/2017\/06\/map-2.png?id=354) !important;background-position: center !important;background-repeat: no-repeat !important;background-size: cover !important;}&#8221;][vc_column][lab_heading title_tag=&#8221;H1&#8243; title=&#8221;Notizie&#8221; el_class=&#8221;tours-title destinations-title&#8221;]Qui di seguito troverai le notizie della nostra Azienda![\/lab_heading][\/vc_column][\/vc_row][vc_row full_width=&#8221;stretch_row&#8221; css=&#8221;.vc_custom_1523631145223{background-color: #fafafa !important;}&#8221;][vc_column][vc_column_text]A Euroline siamo convinti che l&#8217;attivit\u00e0 imprenditoriale vada di pari passo con la responsabilit\u00e0 sociale, pertanto offrire alla comunit\u00e0 nel suo intero fa parte della nostra filosofia. L&#8217;attivit\u00e0&hellip;<\/p>\n","protected":false},"author":1,"featured_media":0,"parent":0,"menu_order":0,"comment_status":"closed","ping_status":"closed","template":"","meta":{"_acf_changed":false,"footnotes":""},"class_list":["post-2803","page","type-page","status-publish","hentry"],"acf":[],"_links":{"self":[{"href":"https:\/\/euroline.gr\/it\/wp-json\/wp\/v2\/pages\/2803","targetHints":{"allow":["GET"]}}],"collection":[{"href":"https:\/\/euroline.gr\/it\/wp-json\/wp\/v2\/pages"}],"about":[{"href":"https:\/\/euroline.gr\/it\/wp-json\/wp\/v2\/types\/page"}],"author":[{"embeddable":true,"href":"https:\/\/euroline.gr\/it\/wp-json\/wp\/v2\/users\/1"}],"replies":[{"embeddable":true,"href":"https:\/\/euroline.gr\/it\/wp-json\/wp\/v2\/comments?post=2803"}],"version-history":[{"count":2,"href":"https:\/\/euroline.gr\/it\/wp-json\/wp\/v2\/pages\/2803\/revisions"}],"predecessor-version":[{"id":3804,"href":"https:\/\/euroline.gr\/it\/wp-json\/wp\/v2\/pages\/2803\/revisions\/3804"}],"wp:attachment":[{"href":"https:\/\/euroline.gr\/it\/wp-json\/wp\/v2\/media?parent=2803"}],"curies":[{"name":"wp","href":"https:\/\/api.w.org\/{rel}","templated":true}]}}