{"id":3174,"date":"2019-01-21T15:54:42","date_gmt":"2019-01-21T13:54:42","guid":{"rendered":"https:\/\/euroline.gr\/?page_id=3174"},"modified":"2021-09-27T09:48:52","modified_gmt":"2021-09-27T06:48:52","slug":"nouvelles","status":"publish","type":"page","link":"https:\/\/euroline.gr\/fr\/nouvelles\/","title":{"rendered":"Nouvelles"},"content":{"rendered":"<div class=\"wpb-content-wrapper\"><p>[vc_row full_width=\u00a0\u00bbstretch_row\u00a0\u00bb css=\u00a0\u00bb.vc_custom_1517824080820{background: #fafafa url(https:\/\/euroline.gr\/wp-content\/uploads\/2017\/06\/map-2.png?id=354) !important;background-position: center !important;background-repeat: no-repeat !important;background-size: cover !important;}\u00a0\u00bb][vc_column][lab_heading title_tag=\u00a0\u00bbH1&Prime; title=\u00a0\u00bbNouvelles\u00a0\u00bb el_class=\u00a0\u00bbtours-title destinations-title\u00a0\u00bb]Voir, ci-dessous, les nouvelles de la soci\u00e9t\u00e9 ![\/lab_heading][\/vc_column][\/vc_row][vc_row full_width=\u00a0\u00bbstretch_row\u00a0\u00bb css=\u00a0\u00bb.vc_custom_1523631145223{background-color: #fafafa !important;}\u00a0\u00bb][vc_column][vc_column_text]Chez Euroline, nous sommes convaincus que les affaires vont de pair avec la responsabilit\u00e9 sociale. Ainsi, la contribution \u00e0 la communaut\u00e9 fait partie de notre philosophie. L\u2019action sociale de la soci\u00e9t\u00e9 fait partie int\u00e9grante de son histoire depuis 18 ans. Elle est fi\u00e8re de sa contribution sociale, culturelle et solidaire destin\u00e9e tant aux communaut\u00e9s locales qu\u2019au niveau panhell\u00e9nique. Les actions couvrent une large gamme d\u2019interventions ax\u00e9es sur l\u2019environnement, la sant\u00e9, l&rsquo;enfance, la culture et les sports.<\/p>\n<p>Ainsi, en d\u00e9pit de la crise internationale et domestique, Euroline consent toujours tous les efforts possibles pour r\u00e9pondre aux besoins de nos concitoyens et contribuer \u00e0 la communaut\u00e9 dans son ensemble.[\/vc_column_text][\/vc_column][\/vc_row][vc_row full_width=\u00a0\u00bbstretch_row\u00a0\u00bb css=\u00a0\u00bb.vc_custom_1523631176686{background-color: #fafafa !important;}\u00a0\u00bb][vc_column][lab_blog_posts masonry=\u00a0\u00bbfitRows\u00a0\u00bb hover_layer_icon=\u00a0\u00bbcustom\u00a0\u00bb more_link=\u00a0\u00bb|||\u00a0\u00bb][\/vc_column][\/vc_row][vc_row full_width=\u00a0\u00bbstretch_row\u00a0\u00bb css=\u00a0\u00bb.vc_custom_1517566517078{background-color: #fafafa !important;}\u00a0\u00bb][vc_column][vc_text_separator title=\u00a0\u00bbParrainage de spectacles de th\u00e9\u00e2tre\u00a0\u00bb i_icon_fontawesome=\u00a0\u00bbfa fa-ship\u00a0\u00bb i_color=\u00a0\u00bbcustom\u00a0\u00bb i_size=\u00a0\u00bbsm\u00a0\u00bb title_align=\u00a0\u00bbseparator_align_left\u00a0\u00bb color=\u00a0\u00bbcustom\u00a0\u00bb add_icon=\u00a0\u00bbtrue\u00a0\u00bb accent_color=\u00a0\u00bb#004f8e\u00a0\u00bb i_custom_color=\u00a0\u00bb#004f8e\u00a0\u00bb css=\u00a0\u00bb.vc_custom_1548078762588{margin-bottom: 0px !important;}\u00a0\u00bb][\/vc_column][vc_column width=\u00a0\u00bb4\/12&Prime;][vc_single_image image=\u00a0\u00bb1707&Prime; img_size=\u00a0\u00bbfull\u00a0\u00bb alignment=\u00a0\u00bbcenter\u00a0\u00bb onclick=\u00a0\u00bblink_image\u00a0\u00bb][vc_column_text]<\/p>\n<h4><a href=\"https:\/\/www.patrasevents.gr\/article\/239511-h-euroline-travel-s-bakolias-efere-ton-arxaio-tragiko-logo-stin-vasi-tou-stin-dodoni-video#\" target=\"_blank\" rel=\"noopener\">\u00abDodoni, site d&rsquo;acte important et parfait\u00bb\u00a0<\/a><\/h4>\n<p>VILLE DE DODONI[\/vc_column_text][\/vc_column][vc_column width=\u00a0\u00bb4\/12&Prime;][vc_single_image image=\u00a0\u00bb1704&Prime; img_size=\u00a0\u00bbfull\u00a0\u00bb alignment=\u00a0\u00bbcenter\u00a0\u00bb onclick=\u00a0\u00bblink_image\u00a0\u00bb][vc_column_text]<\/p>\n<h4>Dire au-revoir \u00e0 l\u2019\u00e9t\u00e9, en jouant et en chantant<\/h4>\n<p>CENTRE DE PR\u00c9VENTION \u00abARIADNI\u00bb[\/vc_column_text][\/vc_column][vc_column width=\u00a0\u00bb4\/12&Prime;][vc_single_image image=\u00a0\u00bb1701&Prime; img_size=\u00a0\u00bbfull\u00a0\u00bb onclick=\u00a0\u00bblink_image\u00a0\u00bb][vc_column_text]<\/p>\n<h4>La pleine-lune de l\u2019amour<\/h4>\n<p>1er FESTIVAL DE DODONI[\/vc_column_text][\/vc_column][\/vc_row][vc_row full_width=\u00a0\u00bbstretch_row\u00a0\u00bb css=\u00a0\u00bb.vc_custom_1517566517078{background-color: #fafafa !important;}\u00a0\u00bb][vc_column][vc_text_separator title=\u00a0\u00bbParrainage d\u2019expositions\u00a0\u00bb i_icon_fontawesome=\u00a0\u00bbfa fa-ship\u00a0\u00bb i_color=\u00a0\u00bbcustom\u00a0\u00bb i_size=\u00a0\u00bbsm\u00a0\u00bb title_align=\u00a0\u00bbseparator_align_left\u00a0\u00bb color=\u00a0\u00bbcustom\u00a0\u00bb add_icon=\u00a0\u00bbtrue\u00a0\u00bb accent_color=\u00a0\u00bb#004f8e\u00a0\u00bb i_custom_color=\u00a0\u00bb#004f8e\u00a0\u00bb css=\u00a0\u00bb.vc_custom_1548078825278{margin-bottom: 0px !important;}\u00a0\u00bb][\/vc_column][vc_column width=\u00a0\u00bb4\/12&Prime;][vc_single_image image=\u00a0\u00bb1666&Prime; img_size=\u00a0\u00bbfull\u00a0\u00bb alignment=\u00a0\u00bbcenter\u00a0\u00bb onclick=\u00a0\u00bblink_image\u00a0\u00bb][vc_column_text]<\/p>\n<h4><a href=\"https:\/\/www.epilogesmagazines.gr\/viewarticle.php?productID=6051&amp;id=379\" target=\"_blank\" rel=\"noopener\">EPILOGES EXPO MARIAGE 2015!<\/a><\/h4>\n<p>[\/vc_column_text][\/vc_column][vc_column width=\u00a0\u00bb4\/12&Prime;][vc_single_image image=\u00a0\u00bb1668&Prime; img_size=\u00a0\u00bbfull\u00a0\u00bb alignment=\u00a0\u00bbcenter\u00a0\u00bb onclick=\u00a0\u00bblink_image\u00a0\u00bb][vc_column_text]<\/p>\n<h4><a href=\"https:\/\/www.patrasevents.gr\/article\/257695-to-megalitero-wedding-show-tis-xronias#\" target=\"_blank\" rel=\"noopener\">\u00c9v\u00e8nements Diamant Expo Mariage<\/a><\/h4>\n<p>[\/vc_column_text][\/vc_column][vc_column width=\u00a0\u00bb4\/12&Prime;][vc_single_image image=\u00a0\u00bb1711&Prime; img_size=\u00a0\u00bbfull\u00a0\u00bb alignment=\u00a0\u00bbcenter\u00a0\u00bb onclick=\u00a0\u00bblink_image\u00a0\u00bb][vc_column_text]<\/p>\n<h4>Open Water Races<\/h4>\n<p>IONIAN EXPLORERS (LES EXPLORATEURS DE LA MER IONIENNE)[\/vc_column_text][\/vc_column][vc_column width=\u00a0\u00bb4\/12&Prime;][vc_single_image image=\u00a0\u00bb1714&Prime; img_size=\u00a0\u00bbfull\u00a0\u00bb alignment=\u00a0\u00bbcenter\u00a0\u00bb onclick=\u00a0\u00bblink_image\u00a0\u00bb][vc_column_text]<\/p>\n<h4>26e Exposition annuelle d\u2019artisanat<\/h4>\n<p>ASSOCIATION FLOGA[\/vc_column_text][\/vc_column][\/vc_row]<\/p>\n<\/div>","protected":false},"excerpt":{"rendered":"<p>[vc_row full_width=\u00a0\u00bbstretch_row\u00a0\u00bb css=\u00a0\u00bb.vc_custom_1517824080820{background: #fafafa url(https:\/\/euroline.gr\/wp-content\/uploads\/2017\/06\/map-2.png?id=354) !important;background-position: center !important;background-repeat: no-repeat !important;background-size: cover !important;}\u00a0\u00bb][vc_column][lab_heading title_tag=\u00a0\u00bbH1&Prime; title=\u00a0\u00bbNouvelles\u00a0\u00bb el_class=\u00a0\u00bbtours-title destinations-title\u00a0\u00bb]Voir, ci-dessous, les nouvelles de la soci\u00e9t\u00e9 ![\/lab_heading][\/vc_column][\/vc_row][vc_row full_width=\u00a0\u00bbstretch_row\u00a0\u00bb css=\u00a0\u00bb.vc_custom_1523631145223{background-color: #fafafa !important;}\u00a0\u00bb][vc_column][vc_column_text]Chez Euroline, nous sommes convaincus que les affaires vont de pair avec la responsabilit\u00e9 sociale. Ainsi, la contribution \u00e0 la communaut\u00e9 fait partie de notre philosophie. L\u2019action sociale de&hellip;<\/p>\n","protected":false},"author":1,"featured_media":0,"parent":0,"menu_order":0,"comment_status":"closed","ping_status":"closed","template":"","meta":{"_acf_changed":false,"footnotes":""},"class_list":["post-3174","page","type-page","status-publish","hentry"],"acf":[],"_links":{"self":[{"href":"https:\/\/euroline.gr\/fr\/wp-json\/wp\/v2\/pages\/3174","targetHints":{"allow":["GET"]}}],"collection":[{"href":"https:\/\/euroline.gr\/fr\/wp-json\/wp\/v2\/pages"}],"about":[{"href":"https:\/\/euroline.gr\/fr\/wp-json\/wp\/v2\/types\/page"}],"author":[{"embeddable":true,"href":"https:\/\/euroline.gr\/fr\/wp-json\/wp\/v2\/users\/1"}],"replies":[{"embeddable":true,"href":"https:\/\/euroline.gr\/fr\/wp-json\/wp\/v2\/comments?post=3174"}],"version-history":[{"count":2,"href":"https:\/\/euroline.gr\/fr\/wp-json\/wp\/v2\/pages\/3174\/revisions"}],"predecessor-version":[{"id":3794,"href":"https:\/\/euroline.gr\/fr\/wp-json\/wp\/v2\/pages\/3174\/revisions\/3794"}],"wp:attachment":[{"href":"https:\/\/euroline.gr\/fr\/wp-json\/wp\/v2\/media?parent=3174"}],"curies":[{"name":"wp","href":"https:\/\/api.w.org\/{rel}","templated":true}]}}