{"id":3162,"date":"2019-01-21T15:37:53","date_gmt":"2019-01-21T13:37:53","guid":{"rendered":"https:\/\/euroline.gr\/?page_id=3162"},"modified":"2025-10-16T15:42:00","modified_gmt":"2025-10-16T12:42:00","slug":"la-societe","status":"publish","type":"page","link":"https:\/\/euroline.gr\/fr\/la-societe\/","title":{"rendered":"La Soci\u00e9t\u00e9"},"content":{"rendered":"<div class=\"wpb-content-wrapper\"><p>[vc_row full_width=\u00a0\u00bbstretch_row\u00a0\u00bb css=\u00a0\u00bb.vc_custom_1517327525286{background: #fafafa url(https:\/\/euroline.gr\/wp-content\/uploads\/2017\/06\/map-2.png?id=354) !important;background-position: center !important;background-repeat: no-repeat !important;background-size: cover !important;}\u00a0\u00bb][vc_column][lab_heading title_tag=\u00a0\u00bbH1&Prime; title=\u00a0\u00bbLa Soci\u00e9t\u00e9\u00a0\u00bb el_class=\u00a0\u00bbdestinations-title\u00a0\u00bb][\/lab_heading][\/vc_column][\/vc_row][vc_row full_width=\u00a0\u00bbstretch_row\u00a0\u00bb css=\u00a0\u00bb.vc_custom_1517327543095{background-color: #fafafa !important;}\u00a0\u00bb][vc_column width=\u00a0\u00bb5\/12&Prime;][lab_heading title_tag=\u00a0\u00bbH1&Prime; title=\u00a0\u00bbEuroline &#8211; S. Bakolias &amp; Cie S.\u00e0.r.l.\u00a0\u00bb][\/lab_heading][lab_scroll_box scroll_height=\u00a0\u00bb320&Prime; css=\u00a0\u00bb.vc_custom_1548077800976{padding-top: 0px !important;padding-right: 0px !important;padding-bottom: 0px !important;padding-left: 0px !important;}\u00a0\u00bb]L\u2019agence de tourisme et de voyages <strong>STAVROS BAKOLIAS &amp; CIE S.\u00e0.r.l.<\/strong>, sous l\u2019enseigne <strong>Euroline Shipping &amp; Cargo L.T.D.<\/strong>, op\u00e8re depuis 1999 au port d\u2019Igoumenitsa en proposant des services de courtier en affr\u00e8tement cargo pour toutes les soci\u00e9t\u00e9s maritimes.<\/p>\n<p>En 2006, M. Stavros Bakolias est devenu Repr\u00e9sentant commercial et Agent maritime d\u2019ANEK LINES, \u00e0 Igoumenitsa. En 2013, il est \u00e9galement charg\u00e9 des fonctions d\u2019agent g\u00e9n\u00e9ral sur le port de Patras.<\/p>\n<p>En juin 2015, il est nomm\u00e9 agent de port du navire Vitsentzos Kornaros, de LANE SEA LINES, de Kalamata sur Cyth\u00e8re \u2013 Castelli de Cr\u00e8te.<\/p>\n<p>La soci\u00e9t\u00e9 propose des services d\u2019agence billetterie \u2013 cargo \u2013 maritime, depuis quatre \u00e9tablissements ultramodernes, \u00e0 Igoumenitsa et Patras, gr\u00e2ce \u00e0 nos 50 employ\u00e9s.<\/p>\n<p>Elle dessert des itin\u00e9raires vers l\u2019\u00e9tranger, au d\u00e9part de Patras et Igoumenitsa \u00e0 destination d\u2019Anc\u00f4ne et de Venise.<\/p>\n<p>En 2017 et 2018, <strong>Euroline <\/strong><strong>Shipping &amp; Cargo L.T.D. <\/strong><strong>a g\u00e9r\u00e9 plus de 25 000 camions par an, sur les lignes Gr\u00e8ce \u2013 Italie et Italie \u2013 Gr\u00e8ce.<\/strong><\/p>\n<p>Par p\u00e9riodes, elle est \u00e9galement charg\u00e9e de l\u2019affr\u00e8tement de bateaux de croisi\u00e8re tel que, par exemple, en septembre 2017, le Silver Spirit de la soci\u00e9t\u00e9 SILVER SEA.[\/lab_scroll_box][\/vc_column][vc_column width=\u00a0\u00bb7\/12&Prime;][vc_single_image image=\u00a0\u00bb4322&Prime; img_size=\u00a0\u00bbfull\u00a0\u00bb alignment=\u00a0\u00bbcenter\u00a0\u00bb onclick=\u00a0\u00bblink_image\u00a0\u00bb css_animation=\u00a0\u00bbfadeIn\u00a0\u00bb css=\u00a0\u00bb\u00a0\u00bb][\/vc_column][\/vc_row][vc_row full_width=\u00a0\u00bbstretch_row\u00a0\u00bb css=\u00a0\u00bb.vc_custom_1517335355161{background-color: #f9f9f9 !important;}\u00a0\u00bb][vc_column css_animation=\u00a0\u00bbslideInUp\u00a0\u00bb][lab_text_autotype typed_text=\u00a0\u00bb#E-8_JTNDaDIlMjBjbGFzcyUzRCUyMmRoMiUyMiUzRUxhJTIwbGlzdGUlMjBkZXMlMjBjbGllbnRzJTIwZGUlMjBsYSUyMHNvY2klQzMlQTl0JUMzJUE5JTIwY291dnJlJTIwJTNDc3BhbiUyMGNsYXNzJTNEJTIyYmxvY2slMjIlM0UlMjAlMkF0b3V0ZSUyMGxhJTIwR3IlQzMlQThjZSUyMGV0JTIwbCVFMiU4MCU5OSVDMyVBOXRyYW5nZXIlMjAlMjElMkElMjAlM0MlMkZzcGFuJTNFJTNDJTJGaDIlM0UlMEE=\u00a0\u00bb typed_show_options=\u00a0\u00bbyes\u00a0\u00bb typed_options_loopcount=\u00a0\u00bb3&Prime; typed_options_typespeed=\u00a0\u00bb5&Prime; css=\u00a0\u00bb.vc_custom_1548077830984{margin-bottom: 0px !important;padding-top: 20px !important;padding-right: 20px !important;padding-bottom: 20px !important;padding-left: 20px !important;background-color: #eeeeee !important;}\u00a0\u00bb][\/vc_column][\/vc_row][vc_row full_width=\u00a0\u00bbstretch_row\u00a0\u00bb css=\u00a0\u00bb.vc_custom_1517335355161{background-color: #f9f9f9 !important;}\u00a0\u00bb][vc_column css_animation=\u00a0\u00bbslideInUp\u00a0\u00bb width=\u00a0\u00bb1\/3&Prime;][vc_single_image image=\u00a0\u00bb3164&Prime; img_size=\u00a0\u00bbfull\u00a0\u00bb alignment=\u00a0\u00bbcenter\u00a0\u00bb][\/vc_column][vc_column width=\u00a0\u00bb2\/3&Prime;][vc_empty_space height=\u00a0\u00bb130px\u00a0\u00bb el_class=\u00a0\u00bbdnnone\u00a0\u00bb][vc_column_text]Stavros Bakolias, fils d\u2019Alexandros, originaire de Mani et de Jannina, est n\u00e9 le 17 avril 1970 \u00e0 Kalamata, o\u00f9 il a grandi.<\/p>\n<p>Depuis 1986, il vit \u00e0 Igoumenitsa.<\/p>\n<p>Il ma\u00eetrise parfaitement deux langues, l\u2019anglais et l\u2019italien. En 1992, il a obtenu le dipl\u00f4me de BCA COLLEGE ATHENS SHIPPING.<\/p>\n<p>Il a commenc\u00e9 sa carri\u00e8re en travaillant pour la soci\u00e9t\u00e9 Ventouris Ferries, poursuivit chez Minoan Lines et, en 1999, fonda sa propre soci\u00e9t\u00e9, Euroline Shipping &amp; Corgo L.T.D.[\/vc_column_text][\/vc_column][\/vc_row][vc_row full_width=\u00a0\u00bbstretch_row\u00a0\u00bb css=\u00a0\u00bb.vc_custom_1517329291489{background-color: #fafafa !important;}\u00a0\u00bb][vc_column][vc_message message_box_style=\u00a0\u00bboutline\u00a0\u00bb style=\u00a0\u00bbsquare\u00a0\u00bb message_box_color=\u00a0\u00bborange\u00a0\u00bb icon_fontawesome=\u00a0\u00bbfa fa-bullseye\u00a0\u00bb css_animation=\u00a0\u00bbfadeIn\u00a0\u00bb]<strong>L\u2019objectif<\/strong><\/p>\n<p>Notre but\u00a0: pr\u00e9server le caract\u00e8re de la soci\u00e9t\u00e9 centr\u00e9 sur la client\u00e8le, \u00e0 une \u00e9poque o\u00f9 la technocratie domine. Connaissant bien les besoins des passagers et des soci\u00e9t\u00e9s de transport, nous accordons une importance majeure \u00e0 la qualit\u00e9 des services que nous proposons. Ma\u00eetrisant parfaitement le domaine et exploitant la technologie moderne, l\u2019objectif de notre soci\u00e9t\u00e9 est de proposer des services exemplaires, dans un environnement convivial et accueillant.[\/vc_message][vc_message message_box_style=\u00a0\u00bboutline\u00a0\u00bb style=\u00a0\u00bbsquare\u00a0\u00bb message_box_color=\u00a0\u00bbsky\u00a0\u00bb icon_fontawesome=\u00a0\u00bbfa fa-users\u00a0\u00bb css_animation=\u00a0\u00bbfadeIn\u00a0\u00bb]<strong>Les ressources humaines<\/strong><\/p>\n<p>Le principal ingr\u00e9dient du succ\u00e8s d\u2019Euroline c\u2019est son personnel et l\u2019esprit d\u2019\u00e9quipe au travail. Nous investissons dans la formation de nos femmes et de nos hommes pour leur offrir une formation continue et de qualit\u00e9 selon un programme clair et enregistr\u00e9. Nous r\u00e9alisons r\u00e9guli\u00e8rement des s\u00e9minaires de formation dans des domaines tels que les techniques de ventes et le d\u00e9veloppement de la client\u00e8le \/ Marketing \/ Management \/ Gestion des r\u00e9clamations client\u00e8le \/ R\u00e9seaux sociaux \u2013 Comp\u00e9tences num\u00e9riques.[\/vc_message][\/vc_column][\/vc_row]<\/p>\n<\/div>","protected":false},"excerpt":{"rendered":"<p>[vc_row full_width=\u00a0\u00bbstretch_row\u00a0\u00bb css=\u00a0\u00bb.vc_custom_1517327525286{background: #fafafa url(https:\/\/euroline.gr\/wp-content\/uploads\/2017\/06\/map-2.png?id=354) !important;background-position: center !important;background-repeat: no-repeat !important;background-size: cover !important;}\u00a0\u00bb][vc_column][lab_heading title_tag=\u00a0\u00bbH1&Prime; title=\u00a0\u00bbLa Soci\u00e9t\u00e9\u00a0\u00bb el_class=\u00a0\u00bbdestinations-title\u00a0\u00bb][\/lab_heading][\/vc_column][\/vc_row][vc_row full_width=\u00a0\u00bbstretch_row\u00a0\u00bb css=\u00a0\u00bb.vc_custom_1517327543095{background-color: #fafafa !important;}\u00a0\u00bb][vc_column width=\u00a0\u00bb5\/12&Prime;][lab_heading title_tag=\u00a0\u00bbH1&Prime; title=\u00a0\u00bbEuroline &#8211; S. Bakolias &amp; Cie S.\u00e0.r.l.\u00a0\u00bb][\/lab_heading][lab_scroll_box scroll_height=\u00a0\u00bb320&Prime; css=\u00a0\u00bb.vc_custom_1548077800976{padding-top: 0px !important;padding-right: 0px !important;padding-bottom: 0px !important;padding-left: 0px !important;}\u00a0\u00bb]L\u2019agence de tourisme et de voyages STAVROS BAKOLIAS &amp; CIE S.\u00e0.r.l., sous l\u2019enseigne Euroline Shipping &amp; Cargo&hellip;<\/p>\n","protected":false},"author":1,"featured_media":0,"parent":0,"menu_order":0,"comment_status":"closed","ping_status":"closed","template":"","meta":{"_acf_changed":false,"footnotes":""},"class_list":["post-3162","page","type-page","status-publish","hentry"],"acf":[],"_links":{"self":[{"href":"https:\/\/euroline.gr\/fr\/wp-json\/wp\/v2\/pages\/3162","targetHints":{"allow":["GET"]}}],"collection":[{"href":"https:\/\/euroline.gr\/fr\/wp-json\/wp\/v2\/pages"}],"about":[{"href":"https:\/\/euroline.gr\/fr\/wp-json\/wp\/v2\/types\/page"}],"author":[{"embeddable":true,"href":"https:\/\/euroline.gr\/fr\/wp-json\/wp\/v2\/users\/1"}],"replies":[{"embeddable":true,"href":"https:\/\/euroline.gr\/fr\/wp-json\/wp\/v2\/comments?post=3162"}],"version-history":[{"count":6,"href":"https:\/\/euroline.gr\/fr\/wp-json\/wp\/v2\/pages\/3162\/revisions"}],"predecessor-version":[{"id":4328,"href":"https:\/\/euroline.gr\/fr\/wp-json\/wp\/v2\/pages\/3162\/revisions\/4328"}],"wp:attachment":[{"href":"https:\/\/euroline.gr\/fr\/wp-json\/wp\/v2\/media?parent=3162"}],"curies":[{"name":"wp","href":"https:\/\/api.w.org\/{rel}","templated":true}]}}