{"id":3059,"date":"2019-01-21T14:41:32","date_gmt":"2019-01-21T12:41:32","guid":{"rendered":"https:\/\/euroline.gr\/?page_id=3059"},"modified":"2025-12-09T12:09:09","modified_gmt":"2025-12-09T10:09:09","slug":"nous-contacter","status":"publish","type":"page","link":"https:\/\/euroline.gr\/fr\/nous-contacter\/","title":{"rendered":"Nous contacter"},"content":{"rendered":"<div class=\"wpb-content-wrapper\"><p>[vc_row full_width=\u00a0\u00bbstretch_row_content_no_spaces\u00a0\u00bb][vc_column][lab_google_map height=\u00a0\u00bb500&Prime; zoom=\u00a0\u00bb7&Prime; map_options=\u00a0\u00bbmap-style,drop-pins\u00a0\u00bb map_controls=\u00a0\u00bbzoomControl,scaleControl,plusMinusZoom\u00a0\u00bb map_style=\u00a0\u00bb#E-8_JTVCJTBBJTIwJTIwJTdCJTBBJTIwJTIwJTIwJTIwJTIyZWxlbWVudFR5cGUlMjIlM0ElMjAlMjJnZW9tZXRyeS5zdHJva2UlMjIlMkMlMEElMjAlMjAlMjAlMjAlMjJzdHlsZXJzJTIyJTNBJTIwJTVCJTBBJTIwJTIwJTIwJTIwJTIwJTIwJTdCJTBBJTIwJTIwJTIwJTIwJTIwJTIwJTIwJTIwJTIydmlzaWJpbGl0eSUyMiUzQSUyMCUyMm9mZiUyMiUwQSUyMCUyMCUyMCUyMCUyMCUyMCU3RCUwQSUyMCUyMCUyMCUyMCU1RCUwQSUyMCUyMCU3RCUyQyUwQSUyMCUyMCU3QiUwQSUyMCUyMCUyMCUyMCUyMmVsZW1lbnRUeXBlJTIyJTNBJTIwJTIybGFiZWxzLmljb24lMjIlMkMlMEElMjAlMjAlMjAlMjAlMjJzdHlsZXJzJTIyJTNBJTIwJTVCJTBBJTIwJTIwJTIwJTIwJTIwJTIwJTdCJTBBJTIwJTIwJTIwJTIwJTIwJTIwJTIwJTIwJTIydmlzaWJpbGl0eSUyMiUzQSUyMCUyMm9mZiUyMiUwQSUyMCUyMCUyMCUyMCUyMCUyMCU3RCUwQSUyMCUyMCUyMCUyMCU1RCUwQSUyMCUyMCU3RCUyQyUwQSUyMCUyMCU3QiUwQSUyMCUyMCUyMCUyMCUyMmVsZW1lbnRUeXBlJTIyJTNBJTIwJTIybGFiZWxzLnRleHQuZmlsbCUyMiUyQyUwQSUyMCUyMCUyMCUyMCUyMnN0eWxlcnMlMjIlM0ElMjAlNUIlMEElMjAlMjAlMjAlMjAlMjAlMjAlN0IlMEElMjAlMjAlMjAlMjAlMjAlMjAlMjAlMjAlMjJjb2xvciUyMiUzQSUyMCUyMiUyMzY1YWZkZCUyMiUwQSUyMCUyMCUyMCUyMCUyMCUyMCU3RCUyQyUwQSUyMCUyMCUyMCUyMCUyMCUyMCU3QiUwQSUyMCUyMCUyMCUyMCUyMCUyMCUyMCUyMCUyMmxpZ2h0bmVzcyUyMiUzQSUyMDUwJTBBJTIwJTIwJTIwJTIwJTIwJTIwJTdEJTJDJTBBJTIwJTIwJTIwJTIwJTIwJTIwJTdCJTBBJTIwJTIwJTIwJTIwJTIwJTIwJTIwJTIwJTIyd2VpZ2h0JTIyJTNBJTIwMiUwQSUyMCUyMCUyMCUyMCUyMCUyMCU3RCUwQSUyMCUyMCUyMCUyMCU1RCUwQSUyMCUyMCU3RCUyQyUwQSUyMCUyMCU3QiUwQSUyMCUyMCUyMCUyMCUyMmVsZW1lbnRUeXBlJTIyJTNBJTIwJTIybGFiZWxzLnRleHQuc3Ryb2tlJTIyJTJDJTBBJTIwJTIwJTIwJTIwJTIyc3R5bGVycyUyMiUzQSUyMCU1QiUwQSUyMCUyMCUyMCUyMCUyMCUyMCU3QiUwQSUyMCUyMCUyMCUyMCUyMCUyMCUyMCUyMCUyMnZpc2liaWxpdHklMjIlM0ElMjAlMjJvZmYlMjIlMEElMjAlMjAlMjAlMjAlMjAlMjAlN0QlMEElMjAlMjAlMjAlMjAlNUQlMEElMjAlMjAlN0QlMkMlMEElMjAlMjAlN0IlMEElMjAlMjAlMjAlMjAlMjJmZWF0dXJlVHlwZSUyMiUzQSUyMCUyMmFkbWluaXN0cmF0aXZlLmNvdW50cnklMjIlMkMlMEElMjAlMjAlMjAlMjAlMjJlbGVtZW50VHlwZSUyMiUzQSUyMCUyMmdlb21ldHJ5LnN0cm9rZSUyMiUyQyUwQSUyMCUyMCUyMCUyMCUyMnN0eWxlcnMlMjIlM0ElMjAlNUIlMEElMjAlMjAlMjAlMjAlMjAlMjAlN0IlMEElMjAlMjAlMjAlMjAlMjAlMjAlMjAlMjAlMjJjb2xvciUyMiUzQSUyMCUyMiUyMzAwNTJhMCUyMiUwQSUyMCUyMCUyMCUyMCUyMCUyMCU3RCUyQyUwQSUyMCUyMCUyMCUyMCUyMCUyMCU3QiUwQSUyMCUyMCUyMCUyMCUyMCUyMCUyMCUyMCUyMnZpc2liaWxpdHklMjIlM0ElMjAlMjJvbiUyMiUwQSUyMCUyMCUyMCUyMCUyMCUyMCU3RCUyQyUwQSUyMCUyMCUyMCUyMCUyMCUyMCU3QiUwQSUyMCUyMCUyMCUyMCUyMCUyMCUyMCUyMCUyMndlaWdodCUyMiUzQSUyMDEuNSUwQSUyMCUyMCUyMCUyMCUyMCUyMCU3RCUwQSUyMCUyMCUyMCUyMCU1RCUwQSUyMCUyMCU3RCUyQyUwQSUyMCUyMCU3QiUwQSUyMCUyMCUyMCUyMCUyMmZlYXR1cmVUeXBlJTIyJTNBJTIwJTIyYWRtaW5pc3RyYXRpdmUuY291bnRyeSUyMiUyQyUwQSUyMCUyMCUyMCUyMCUyMmVsZW1lbnRUeXBlJTIyJTNBJTIwJTIybGFiZWxzLnRleHQlMjIlMkMlMEElMjAlMjAlMjAlMjAlMjJzdHlsZXJzJTIyJTNBJTIwJTVCJTBBJTIwJTIwJTIwJTIwJTIwJTIwJTdCJTBBJTIwJTIwJTIwJTIwJTIwJTIwJTIwJTIwJTIydmlzaWJpbGl0eSUyMiUzQSUyMCUyMm9mZiUyMiUwQSUyMCUyMCUyMCUyMCUyMCUyMCU3RCUwQSUyMCUyMCUyMCUyMCU1RCUwQSUyMCUyMCU3RCUyQyUwQSUyMCUyMCU3QiUwQSUyMCUyMCUyMCUyMCUyMmZlYXR1cmVUeXBlJTIyJTNBJTIwJTIyYWRtaW5pc3RyYXRpdmUucHJvdmluY2UlMjIlMkMlMEElMjAlMjAlMjAlMjAlMjJlbGVtZW50VHlwZSUyMiUzQSUyMCUyMmxhYmVscy50ZXh0JTIyJTJDJTBBJTIwJTIwJTIwJTIwJTIyc3R5bGVycyUyMiUzQSUyMCU1QiUwQSUyMCUyMCUyMCUyMCUyMCUyMCU3QiUwQSUyMCUyMCUyMCUyMCUyMCUyMCUyMCUyMCUyMnZpc2liaWxpdHklMjIlM0ElMjAlMjJvZmYlMjIlMEElMjAlMjAlMjAlMjAlMjAlMjAlN0QlMEElMjAlMjAlMjAlMjAlNUQlMEElMjAlMjAlN0QlMkMlMEElMjAlMjAlN0IlMEElMjAlMjAlMjAlMjAlMjJmZWF0dXJlVHlwZSUyMiUzQSUyMCUyMmxhbmRzY2FwZSUyMiUyQyUwQSUyMCUyMCUyMCUyMCUyMmVsZW1lbnRUeXBlJTIyJTNBJTIwJTIyZ2VvbWV0cnkuZmlsbCUyMiUyQyUwQSUyMCUyMCUyMCUyMCUyMnN0eWxlcnMlMjIlM0ElMjAlNUIlMEElMjAlMjAlMjAlMjAlMjAlMjAlN0IlMEElMjAlMjAlMjAlMjAlMjAlMjAlMjAlMjAlMjJodWUlMjIlM0ElMjAlMjIlMjMwMDc0YjklMjIlMEElMjAlMjAlMjAlMjAlMjAlMjAlN0QlMkMlMEElMjAlMjAlMjAlMjAlMjAlMjAlN0IlMEElMjAlMjAlMjAlMjAlMjAlMjAlMjAlMjAlMjJzYXR1cmF0aW9uJTIyJTNBJTIwNTklMEElMjAlMjAlMjAlMjAlMjAlMjAlN0QlMkMlMEElMjAlMjAlMjAlMjAlMjAlMjAlN0IlMEElMjAlMjAlMjAlMjAlMjAlMjAlMjAlMjAlMjJsaWdodG5lc3MlMjIlM0ElMjAtNDIlMEElMjAlMjAlMjAlMjAlMjAlMjAlN0QlMEElMjAlMjAlMjAlMjAlNUQlMEElMjAlMjAlN0QlMkMlMEElMjAlMjAlN0IlMEElMjAlMjAlMjAlMjAlMjJmZWF0dXJlVHlwZSUyMiUzQSUyMCUyMmxhbmRzY2FwZS5uYXR1cmFsLnRlcnJhaW4lMjIlMkMlMEElMjAlMjAlMjAlMjAlMjJzdHlsZXJzJTIyJTNBJTIwJTVCJTBBJTIwJTIwJTIwJTIwJTIwJTIwJTdCJTBBJTIwJTIwJTIwJTIwJTIwJTIwJTIwJTIwJTIydmlzaWJpbGl0eSUyMiUzQSUyMCUyMm9mZiUyMiUwQSUyMCUyMCUyMCUyMCUyMCUyMCU3RCUwQSUyMCUyMCUyMCUyMCU1RCUwQSUyMCUyMCU3RCUyQyUwQSUyMCUyMCU3QiUwQSUyMCUyMCUyMCUyMCUyMmZlYXR1cmVUeXBlJTIyJTNBJTIwJTIybGFuZHNjYXBlLm5hdHVyYWwudGVycmFpbiUyMiUyQyUwQSUyMCUyMCUyMCUyMCUyMmVsZW1lbnRUeXBlJTIyJTNBJTIwJTIyZ2VvbWV0cnkuZmlsbCUyMiUyQyUwQSUyMCUyMCUyMCUyMCUyMnN0eWxlcnMlMjIlM0ElMjAlNUIlMEElMjAlMjAlMjAlMjAlMjAlMjAlN0IlMEElMjAlMjAlMjAlMjAlMjAlMjAlMjAlMjAlMjJ2aXNpYmlsaXR5JTIyJTNBJTIwJTIyb2ZmJTIyJTBBJTIwJTIwJTIwJTIwJTIwJTIwJTdEJTBBJTIwJTIwJTIwJTIwJTVEJTBBJTIwJTIwJTdEJTJDJTBBJTIwJTIwJTdCJTBBJTIwJTIwJTIwJTIwJTIyZmVhdHVyZVR5cGUlMjIlM0ElMjAlMjJwb2klMjIlMkMlMEElMjAlMjAlMjAlMjAlMjJzdHlsZXJzJTIyJTNBJTIwJTVCJTBBJTIwJTIwJTIwJTIwJTIwJTIwJTdCJTBBJTIwJTIwJTIwJTIwJTIwJTIwJTIwJTIwJTIydmlzaWJpbGl0eSUyMiUzQSUyMCUyMm9mZiUyMiUwQSUyMCUyMCUyMCUyMCUyMCUyMCU3RCUwQSUyMCUyMCUyMCUyMCU1RCUwQSUyMCUyMCU3RCUyQyUwQSUyMCUyMCU3QiUwQSUyMCUyMCUyMCUyMCUyMmZlYXR1cmVUeXBlJTIyJTNBJTIwJTIycm9hZCUyMiUyQyUwQSUyMCUyMCUyMCUyMCUyMmVsZW1lbnRUeXBlJTIyJTNBJTIwJTIyZ2VvbWV0cnkuZmlsbCUyMiUyQyUwQSUyMCUyMCUyMCUyMCUyMnN0eWxlcnMlMjIlM0ElMjAlNUIlMEElMjAlMjAlMjAlMjAlMjAlMjAlN0IlMEElMjAlMjAlMjAlMjAlMjAlMjAlMjAlMjAlMjJjb2xvciUyMiUzQSUyMCUyMiUyMzAwNzhiOSUyMiUwQSUyMCUyMCUyMCUyMCUyMCUyMCU3RCUyQyUwQSUyMCUyMCUyMCUyMCUyMCUyMCU3QiUwQSUyMCUyMCUyMCUyMCUyMCUyMCUyMCUyMCUyMnNhdHVyYXRpb24lMjIlM0ElMjAtMjklMEElMjAlMjAlMjAlMjAlMjAlMjAlN0QlMkMlMEElMjAlMjAlMjAlMjAlMjAlMjAlN0IlMEElMjAlMjAlMjAlMjAlMjAlMjAlMjAlMjAlMjJsaWdodG5lc3MlMjIlM0ElMjAzMCUwQSUyMCUyMCUyMCUyMCUyMCUyMCU3RCUwQSUyMCUyMCUyMCUyMCU1RCUwQSUyMCUyMCU3RCUyQyUwQSUyMCUyMCU3QiUwQSUyMCUyMCUyMCUyMCUyMmZlYXR1cmVUeXBlJTIyJTNBJTIwJTIydHJhbnNpdCUyMiUyQyUwQSUyMCUyMCUyMCUyMCUyMmVsZW1lbnRUeXBlJTIyJTNBJTIwJTIyZ2VvbWV0cnkuZmlsbCUyMiUyQyUwQSUyMCUyMCUyMCUyMCUyMnN0eWxlcnMlMjIlM0ElMjAlNUIlMEElMjAlMjAlMjAlMjAlMjAlMjAlN0IlMEElMjAlMjAlMjAlMjAlMjAlMjAlMjAlMjAlMjJjb2xvciUyMiUzQSUyMCUyMiUyMzY1YWZkZCUyMiUwQSUyMCUyMCUyMCUyMCUyMCUyMCU3RCUyQyUwQSUyMCUyMCUyMCUyMCUyMCUyMCU3QiUwQSUyMCUyMCUyMCUyMCUyMCUyMCUyMCUyMCUyMmxpZ2h0bmVzcyUyMiUzQSUyMDEwJTBBJTIwJTIwJTIwJTIwJTIwJTIwJTdEJTBBJTIwJTIwJTIwJTIwJTVEJTBBJTIwJTIwJTdEJTJDJTBBJTIwJTIwJTdCJTBBJTIwJTIwJTIwJTIwJTIyZmVhdHVyZVR5cGUlMjIlM0ElMjAlMjJ3YXRlciUyMiUyQyUwQSUyMCUyMCUyMCUyMCUyMmVsZW1lbnRUeXBlJTIyJTNBJTIwJTIyZ2VvbWV0cnkuZmlsbCUyMiUyQyUwQSUyMCUyMCUyMCUyMCUyMnN0eWxlcnMlMjIlM0ElMjAlNUIlMEElMjAlMjAlMjAlMjAlMjAlMjAlN0IlMEElMjAlMjAlMjAlMjAlMjAlMjAlMjAlMjAlMjJjb2xvciUyMiUzQSUyMCUyMiUyMzAwNTJhMCUyMiUwQSUyMCUyMCUyMCUyMCUyMCUyMCU3RCUwQSUyMCUyMCUyMCUyMCU1RCUwQSUyMCUyMCU3RCUyQyUwQSUyMCUyMCU3QiUwQSUyMCUyMCUyMCUyMCUyMmZlYXR1cmVUeXBlJTIyJTNBJTIwJTIyd2F0ZXIlMjIlMkMlMEElMjAlMjAlMjAlMjAlMjJlbGVtZW50VHlwZSUyMiUzQSUyMCUyMmxhYmVscy50ZXh0LmZpbGwlMjIlMkMlMEElMjAlMjAlMjAlMjAlMjJzdHlsZXJzJTIyJTNBJTIwJTVCJTBBJTIwJTIwJTIwJTIwJTIwJTIwJTdCJTBBJTIwJTIwJTIwJTIwJTIwJTIwJTIwJTIwJTIyY29sb3IlMjIlM0ElMjAlMjIlMjM2NWFmZGQlMjIlMEElMjAlMjAlMjAlMjAlMjAlMjAlN0QlMEElMjAlMjAlMjAlMjAlNUQlMEElMjAlMjAlN0QlMEElNUQ=\u00a0\u00bb css=\u00a0\u00bb.vc_custom_1522169552119{margin-bottom: 0px !important;}\u00a0\u00bb][lab_google_map_location marker_image=\u00a0\u00bb200&Prime; retina_marker=\u00a0\u00bbyes\u00a0\u00bb latitude=\u00a0\u00bb39.490194&Prime; longitude=\u00a0\u00bb20.260137&Prime; marker_title=\u00a0\u00bbIgoumenitsa\u00a0\u00bb marker_description=\u00a0\u00bb<b>Bureau central (Service comptabilit\u00e9)<\/b><\/p>\n<p>Ladochori &amp; Ioniou Pelagous 1, Nouveau Terminal, Igoumenitsa, 46 100<br \/>\nT\u00e9l\u00e9phones : +30 26650 25.934, 26.081<br \/>\nFax : +30 26650 27.519<br \/>\nE-mail : ticket@anekigo.gr\u00a0\u00bb][lab_google_map_location marker_image=\u00a0\u00bb200&Prime; retina_marker=\u00a0\u00bbyes\u00a0\u00bb latitude=\u00a0\u00bb39.48839&Prime; longitude=\u00a0\u00bb20.25952&Prime; marker_title=\u00a0\u00bbIgoumenitsa\u00a0\u00bb marker_description=\u00a0\u00bb<b>Terminal d\u2019embarquement Passagers et V\u00e9hicules particuliers (T1)<\/b><\/p>\n<p>Ladochori &amp; Ioniou Pelagous 1, Nouveau Terminal, Igoumenitsa, 46 100<br \/>\nT\u00e9l\u00e9phones : +30 26650 25.934, 26.081<br \/>\nFax : +30 26650 27.519<br \/>\nE-mail : ticket@anekigo.gr\u00a0\u00bb][lab_google_map_location marker_image=\u00a0\u00bb200&Prime; retina_marker=\u00a0\u00bbyes\u00a0\u00bb latitude=\u00a0\u00bb39.491909&Prime; longitude=\u00a0\u00bb20.260158&Prime; marker_title=\u00a0\u00bbIgoumenitsa\u00a0\u00bb marker_description=\u00a0\u00bb<b>Site d\u2019embarquement de camions (T2)<\/b><\/p>\n<p>Ladochori &amp; Ioniou Pelagous 1, Nouveau Terminal, Igoumenitsa, 46 100<br \/>\nT\u00e9l\u00e9phones : +30 26650 25.934, 26.081<br \/>\nFax : +30 26650 27.519<br \/>\nE-mail : ticket@anekigo.gr\u00a0\u00bb][\/lab_google_map][\/vc_column][\/vc_row][vc_row el_class=\u00a0\u00bbservices-row\u00a0\u00bb][vc_column width=\u00a0\u00bb1\/4&Prime; el_class=\u00a0\u00bbservice-box\u00a0\u00bb offset=\u00a0\u00bbvc_col-lg-3 vc_col-md-6 vc_col-xs-6&Prime;][vc_icon icon_linea=\u00a0\u00bbicon-basic-helm\u00a0\u00bb color=\u00a0\u00bbcustom\u00a0\u00bb size=\u00a0\u00bbxl\u00a0\u00bb align=\u00a0\u00bbcenter\u00a0\u00bb custom_color=\u00a0\u00bb#004f8e\u00a0\u00bb el_class=\u00a0\u00bbnfont\u00a0\u00bb][vc_column_text]<\/p>\n<h3 class=\"mobh3\" style=\"text-align: center; font-size: 22px;\">Notre Soci\u00e9t\u00e9<\/h3>\n<p style=\"text-align: center; font-weight: 300;\">Depuis 1999, l\u2019objectif de notre soci\u00e9t\u00e9 est de servir les passagers dans un environnement convivial et accueillant.<\/p>\n<p>[\/vc_column_text][\/vc_column][vc_column width=\u00a0\u00bb1\/4&Prime; el_class=\u00a0\u00bbservice-box\u00a0\u00bb offset=\u00a0\u00bbvc_col-lg-3 vc_col-md-6 vc_col-xs-6&Prime;][vc_icon icon_linea=\u00a0\u00bbicon-ecommerce-sale\u00a0\u00bb color=\u00a0\u00bbcustom\u00a0\u00bb size=\u00a0\u00bbxl\u00a0\u00bb align=\u00a0\u00bbcenter\u00a0\u00bb custom_color=\u00a0\u00bb#004f8e\u00a0\u00bb el_class=\u00a0\u00bbnfont\u00a0\u00bb][vc_column_text]<\/p>\n<h3 class=\"mobh3\" style=\"text-align: center; font-size: 22px;\">Offres<\/h3>\n<p style=\"text-align: center; font-weight: 300;\">Voyagez avec nous et profitez des offres incroyables que nous vous proposons, sur toutes vos destinations pr\u00e9f\u00e9r\u00e9es.<\/p>\n<p>[\/vc_column_text][\/vc_column][vc_column width=\u00a0\u00bb1\/4&Prime; el_class=\u00a0\u00bbservice-box\u00a0\u00bb offset=\u00a0\u00bbvc_col-lg-3 vc_col-md-6 vc_col-xs-6&Prime;][vc_icon icon_linea=\u00a0\u00bbicon-basic-world\u00a0\u00bb color=\u00a0\u00bbcustom\u00a0\u00bb size=\u00a0\u00bbxl\u00a0\u00bb align=\u00a0\u00bbcenter\u00a0\u00bb custom_color=\u00a0\u00bb#004f8e\u00a0\u00bb el_class=\u00a0\u00bbnfont\u00a0\u00bb][vc_column_text]<\/p>\n<h3 class=\"mobh3\" style=\"text-align: center; font-size: 22px;\">Responsabilit\u00e9 sociale<\/h3>\n<p style=\"text-align: center; font-weight: 300;\">Contribuer \u00e0 la soci\u00e9t\u00e9 fait partie de notre philosophie et partie int\u00e9grante de notre histoire depuis 18 ans.<\/p>\n<p>[\/vc_column_text][\/vc_column][vc_column width=\u00a0\u00bb1\/4&Prime; el_class=\u00a0\u00bbservice-box\u00a0\u00bb offset=\u00a0\u00bbvc_col-lg-3 vc_col-md-6 vc_col-xs-6&Prime;][vc_icon icon_linea=\u00a0\u00bbicon-basic-geolocalize-05&Prime; color=\u00a0\u00bbcustom\u00a0\u00bb size=\u00a0\u00bbxl\u00a0\u00bb align=\u00a0\u00bbcenter\u00a0\u00bb custom_color=\u00a0\u00bb#004f8e\u00a0\u00bb el_class=\u00a0\u00bbnfont\u00a0\u00bb][vc_column_text]<\/p>\n<h3 class=\"mobh3\" style=\"text-align: center; font-size: 22px;\">O\u00f9 nous trouverez-vous<\/h3>\n<p style=\"text-align: center; font-weight: 300;\">Pour vous servir, vous nous trouverez dans nos agences, \u00e0 Igoumenitsa et Patras. Venez voyager avec nous !<\/p>\n<p>[\/vc_column_text][\/vc_column][\/vc_row][vc_row full_width=\u00a0\u00bbstretch_row\u00a0\u00bb css=\u00a0\u00bb.vc_custom_1497449323625{background-image: url(https:\/\/demo-content.kaliumtheme.com\/travel\/wp-content\/uploads\/2017\/06\/seigaiha-1.png?id=237) !important;}\u00a0\u00bb el_class=\u00a0\u00bbcontact-form-area\u00a0\u00bb][vc_column css=\u00a0\u00bb.vc_custom_1498139084570{padding-top: 0px !important;}\u00a0\u00bb][lab_heading title=\u00a0\u00bbNous contacter\u00a0\u00bb]Nous sommes toujours \u00e0 votre disposition, pour tout renseignement.[\/lab_heading][vc_row_inner][vc_column_inner width=\u00a0\u00bb2\/3&Prime;][lab_contact_form name_title=\u00a0\u00bbNom \u2013 pr\u00e9nom:\u00a0\u00bb email_title=\u00a0\u00bbE-mail:\u00a0\u00bb show_subject_field=\u00a0\u00bbyes\u00a0\u00bb subject_title=\u00a0\u00bbObjet :\u00a0\u00bb submit_title=\u00a0\u00bbEnvoyer\u00a0\u00bb submit_success=\u00a0\u00bbMerci beaucoup! Bient\u00f4t nous vous contacterons.\u00a0\u00bb alert_errors=\u00a0\u00bb\u00a0\u00bb subject_field_as_email_subject=\u00a0\u00bbyes\u00a0\u00bb email_receiver=\u00a0\u00bbticket@anekigo.gr\u00a0\u00bb][\/vc_column_inner][vc_column_inner width=\u00a0\u00bb1\/3&Prime;][lab_scroll_box]<strong>Igoumenitsa<\/strong><\/p>\n<p><strong>Bureau central (Service comptabilit\u00e9)<\/strong><\/p>\n<p><strong>Terminal d\u2019embarquement Passagers et V\u00e9hicules particuliers (T1)<\/strong><\/p>\n<p><strong>Site d\u2019embarquement de camions (T2)<\/strong><\/p>\n<p>Ladochori &amp; Ioniou Pelagous 1, Nouveau Terminal, Igoumenitsa, 46 100<br \/>\nT\u00e9l\u00e9phones : +30 26650 25.934, 26.081<br \/>\nE-mail: <a href=\"mailto:ticket@euroline.gr\">ticket@euroline.gr<\/a>, <a href=\"mailto:cargo@euroline.gr\">cargo@euroline.gr<\/a><\/p>\n<p>&nbsp;[\/lab_scroll_box][\/vc_column_inner][\/vc_row_inner][\/vc_column][\/vc_row]<\/p>\n<\/div>","protected":false},"excerpt":{"rendered":"<p>[vc_row full_width=\u00a0\u00bbstretch_row_content_no_spaces\u00a0\u00bb][vc_column][lab_google_map height=\u00a0\u00bb500&Prime; zoom=\u00a0\u00bb7&Prime; map_options=\u00a0\u00bbmap-style,drop-pins\u00a0\u00bb map_controls=\u00a0\u00bbzoomControl,scaleControl,plusMinusZoom\u00a0\u00bb map_style=\u00a0\u00bb#E-8_JTVCJTBBJTIwJTIwJTdCJTBBJTIwJTIwJTIwJTIwJTIyZWxlbWVudFR5cGUlMjIlM0ElMjAlMjJnZW9tZXRyeS5zdHJva2UlMjIlMkMlMEElMjAlMjAlMjAlMjAlMjJzdHlsZXJzJTIyJTNBJTIwJTVCJTBBJTIwJTIwJTIwJTIwJTIwJTIwJTdCJTBBJTIwJTIwJTIwJTIwJTIwJTIwJTIwJTIwJTIydmlzaWJpbGl0eSUyMiUzQSUyMCUyMm9mZiUyMiUwQSUyMCUyMCUyMCUyMCUyMCUyMCU3RCUwQSUyMCUyMCUyMCUyMCU1RCUwQSUyMCUyMCU3RCUyQyUwQSUyMCUyMCU3QiUwQSUyMCUyMCUyMCUyMCUyMmVsZW1lbnRUeXBlJTIyJTNBJTIwJTIybGFiZWxzLmljb24lMjIlMkMlMEElMjAlMjAlMjAlMjAlMjJzdHlsZXJzJTIyJTNBJTIwJTVCJTBBJTIwJTIwJTIwJTIwJTIwJTIwJTdCJTBBJTIwJTIwJTIwJTIwJTIwJTIwJTIwJTIwJTIydmlzaWJpbGl0eSUyMiUzQSUyMCUyMm9mZiUyMiUwQSUyMCUyMCUyMCUyMCUyMCUyMCU3RCUwQSUyMCUyMCUyMCUyMCU1RCUwQSUyMCUyMCU3RCUyQyUwQSUyMCUyMCU3QiUwQSUyMCUyMCUyMCUyMCUyMmVsZW1lbnRUeXBlJTIyJTNBJTIwJTIybGFiZWxzLnRleHQuZmlsbCUyMiUyQyUwQSUyMCUyMCUyMCUyMCUyMnN0eWxlcnMlMjIlM0ElMjAlNUIlMEElMjAlMjAlMjAlMjAlMjAlMjAlN0IlMEElMjAlMjAlMjAlMjAlMjAlMjAlMjAlMjAlMjJjb2xvciUyMiUzQSUyMCUyMiUyMzY1YWZkZCUyMiUwQSUyMCUyMCUyMCUyMCUyMCUyMCU3RCUyQyUwQSUyMCUyMCUyMCUyMCUyMCUyMCU3QiUwQSUyMCUyMCUyMCUyMCUyMCUyMCUyMCUyMCUyMmxpZ2h0bmVzcyUyMiUzQSUyMDUwJTBBJTIwJTIwJTIwJTIwJTIwJTIwJTdEJTJDJTBBJTIwJTIwJTIwJTIwJTIwJTIwJTdCJTBBJTIwJTIwJTIwJTIwJTIwJTIwJTIwJTIwJTIyd2VpZ2h0JTIyJTNBJTIwMiUwQSUyMCUyMCUyMCUyMCUyMCUyMCU3RCUwQSUyMCUyMCUyMCUyMCU1RCUwQSUyMCUyMCU3RCUyQyUwQSUyMCUyMCU3QiUwQSUyMCUyMCUyMCUyMCUyMmVsZW1lbnRUeXBlJTIyJTNBJTIwJTIybGFiZWxzLnRleHQuc3Ryb2tlJTIyJTJDJTBBJTIwJTIwJTIwJTIwJTIyc3R5bGVycyUyMiUzQSUyMCU1QiUwQSUyMCUyMCUyMCUyMCUyMCUyMCU3QiUwQSUyMCUyMCUyMCUyMCUyMCUyMCUyMCUyMCUyMnZpc2liaWxpdHklMjIlM0ElMjAlMjJvZmYlMjIlMEElMjAlMjAlMjAlMjAlMjAlMjAlN0QlMEElMjAlMjAlMjAlMjAlNUQlMEElMjAlMjAlN0QlMkMlMEElMjAlMjAlN0IlMEElMjAlMjAlMjAlMjAlMjJmZWF0dXJlVHlwZSUyMiUzQSUyMCUyMmFkbWluaXN0cmF0aXZlLmNvdW50cnklMjIlMkMlMEElMjAlMjAlMjAlMjAlMjJlbGVtZW50VHlwZSUyMiUzQSUyMCUyMmdlb21ldHJ5LnN0cm9rZSUyMiUyQyUwQSUyMCUyMCUyMCUyMCUyMnN0eWxlcnMlMjIlM0ElMjAlNUIlMEElMjAlMjAlMjAlMjAlMjAlMjAlN0IlMEElMjAlMjAlMjAlMjAlMjAlMjAlMjAlMjAlMjJjb2xvciUyMiUzQSUyMCUyMiUyMzAwNTJhMCUyMiUwQSUyMCUyMCUyMCUyMCUyMCUyMCU3RCUyQyUwQSUyMCUyMCUyMCUyMCUyMCUyMCU3QiUwQSUyMCUyMCUyMCUyMCUyMCUyMCUyMCUyMCUyMnZpc2liaWxpdHklMjIlM0ElMjAlMjJvbiUyMiUwQSUyMCUyMCUyMCUyMCUyMCUyMCU3RCUyQyUwQSUyMCUyMCUyMCUyMCUyMCUyMCU3QiUwQSUyMCUyMCUyMCUyMCUyMCUyMCUyMCUyMCUyMndlaWdodCUyMiUzQSUyMDEuNSUwQSUyMCUyMCUyMCUyMCUyMCUyMCU3RCUwQSUyMCUyMCUyMCUyMCU1RCUwQSUyMCUyMCU3RCUyQyUwQSUyMCUyMCU3QiUwQSUyMCUyMCUyMCUyMCUyMmZlYXR1cmVUeXBlJTIyJTNBJTIwJTIyYWRtaW5pc3RyYXRpdmUuY291bnRyeSUyMiUyQyUwQSUyMCUyMCUyMCUyMCUyMmVsZW1lbnRUeXBlJTIyJTNBJTIwJTIybGFiZWxzLnRleHQlMjIlMkMlMEElMjAlMjAlMjAlMjAlMjJzdHlsZXJzJTIyJTNBJTIwJTVCJTBBJTIwJTIwJTIwJTIwJTIwJTIwJTdCJTBBJTIwJTIwJTIwJTIwJTIwJTIwJTIwJTIwJTIydmlzaWJpbGl0eSUyMiUzQSUyMCUyMm9mZiUyMiUwQSUyMCUyMCUyMCUyMCUyMCUyMCU3RCUwQSUyMCUyMCUyMCUyMCU1RCUwQSUyMCUyMCU3RCUyQyUwQSUyMCUyMCU3QiUwQSUyMCUyMCUyMCUyMCUyMmZlYXR1cmVUeXBlJTIyJTNBJTIwJTIyYWRtaW5pc3RyYXRpdmUucHJvdmluY2UlMjIlMkMlMEElMjAlMjAlMjAlMjAlMjJlbGVtZW50VHlwZSUyMiUzQSUyMCUyMmxhYmVscy50ZXh0JTIyJTJDJTBBJTIwJTIwJTIwJTIwJTIyc3R5bGVycyUyMiUzQSUyMCU1QiUwQSUyMCUyMCUyMCUyMCUyMCUyMCU3QiUwQSUyMCUyMCUyMCUyMCUyMCUyMCUyMCUyMCUyMnZpc2liaWxpdHklMjIlM0ElMjAlMjJvZmYlMjIlMEElMjAlMjAlMjAlMjAlMjAlMjAlN0QlMEElMjAlMjAlMjAlMjAlNUQlMEElMjAlMjAlN0QlMkMlMEElMjAlMjAlN0IlMEElMjAlMjAlMjAlMjAlMjJmZWF0dXJlVHlwZSUyMiUzQSUyMCUyMmxhbmRzY2FwZSUyMiUyQyUwQSUyMCUyMCUyMCUyMCUyMmVsZW1lbnRUeXBlJTIyJTNBJTIwJTIyZ2VvbWV0cnkuZmlsbCUyMiUyQyUwQSUyMCUyMCUyMCUyMCUyMnN0eWxlcnMlMjIlM0ElMjAlNUIlMEElMjAlMjAlMjAlMjAlMjAlMjAlN0IlMEElMjAlMjAlMjAlMjAlMjAlMjAlMjAlMjAlMjJodWUlMjIlM0ElMjAlMjIlMjMwMDc0YjklMjIlMEElMjAlMjAlMjAlMjAlMjAlMjAlN0QlMkMlMEElMjAlMjAlMjAlMjAlMjAlMjAlN0IlMEElMjAlMjAlMjAlMjAlMjAlMjAlMjAlMjAlMjJzYXR1cmF0aW9uJTIyJTNBJTIwNTklMEElMjAlMjAlMjAlMjAlMjAlMjAlN0QlMkMlMEElMjAlMjAlMjAlMjAlMjAlMjAlN0IlMEElMjAlMjAlMjAlMjAlMjAlMjAlMjAlMjAlMjJsaWdodG5lc3MlMjIlM0ElMjAtNDIlMEElMjAlMjAlMjAlMjAlMjAlMjAlN0QlMEElMjAlMjAlMjAlMjAlNUQlMEElMjAlMjAlN0QlMkMlMEElMjAlMjAlN0IlMEElMjAlMjAlMjAlMjAlMjJmZWF0dXJlVHlwZSUyMiUzQSUyMCUyMmxhbmRzY2FwZS5uYXR1cmFsLnRlcnJhaW4lMjIlMkMlMEElMjAlMjAlMjAlMjAlMjJzdHlsZXJzJTIyJTNBJTIwJTVCJTBBJTIwJTIwJTIwJTIwJTIwJTIwJTdCJTBBJTIwJTIwJTIwJTIwJTIwJTIwJTIwJTIwJTIydmlzaWJpbGl0eSUyMiUzQSUyMCUyMm9mZiUyMiUwQSUyMCUyMCUyMCUyMCUyMCUyMCU3RCUwQSUyMCUyMCUyMCUyMCU1RCUwQSUyMCUyMCU3RCUyQyUwQSUyMCUyMCU3QiUwQSUyMCUyMCUyMCUyMCUyMmZlYXR1cmVUeXBlJTIyJTNBJTIwJTIybGFuZHNjYXBlLm5hdHVyYWwudGVycmFpbiUyMiUyQyUwQSUyMCUyMCUyMCUyMCUyMmVsZW1lbnRUeXBlJTIyJTNBJTIwJTIyZ2VvbWV0cnkuZmlsbCUyMiUyQyUwQSUyMCUyMCUyMCUyMCUyMnN0eWxlcnMlMjIlM0ElMjAlNUIlMEElMjAlMjAlMjAlMjAlMjAlMjAlN0IlMEElMjAlMjAlMjAlMjAlMjAlMjAlMjAlMjAlMjJ2aXNpYmlsaXR5JTIyJTNBJTIwJTIyb2ZmJTIyJTBBJTIwJTIwJTIwJTIwJTIwJTIwJTdEJTBBJTIwJTIwJTIwJTIwJTVEJTBBJTIwJTIwJTdEJTJDJTBBJTIwJTIwJTdCJTBBJTIwJTIwJTIwJTIwJTIyZmVhdHVyZVR5cGUlMjIlM0ElMjAlMjJwb2klMjIlMkMlMEElMjAlMjAlMjAlMjAlMjJzdHlsZXJzJTIyJTNBJTIwJTVCJTBBJTIwJTIwJTIwJTIwJTIwJTIwJTdCJTBBJTIwJTIwJTIwJTIwJTIwJTIwJTIwJTIwJTIydmlzaWJpbGl0eSUyMiUzQSUyMCUyMm9mZiUyMiUwQSUyMCUyMCUyMCUyMCUyMCUyMCU3RCUwQSUyMCUyMCUyMCUyMCU1RCUwQSUyMCUyMCU3RCUyQyUwQSUyMCUyMCU3QiUwQSUyMCUyMCUyMCUyMCUyMmZlYXR1cmVUeXBlJTIyJTNBJTIwJTIycm9hZCUyMiUyQyUwQSUyMCUyMCUyMCUyMCUyMmVsZW1lbnRUeXBlJTIyJTNBJTIwJTIyZ2VvbWV0cnkuZmlsbCUyMiUyQyUwQSUyMCUyMCUyMCUyMCUyMnN0eWxlcnMlMjIlM0ElMjAlNUIlMEElMjAlMjAlMjAlMjAlMjAlMjAlN0IlMEElMjAlMjAlMjAlMjAlMjAlMjAlMjAlMjAlMjJjb2xvciUyMiUzQSUyMCUyMiUyMzAwNzhiOSUyMiUwQSUyMCUyMCUyMCUyMCUyMCUyMCU3RCUyQyUwQSUyMCUyMCUyMCUyMCUyMCUyMCU3QiUwQSUyMCUyMCUyMCUyMCUyMCUyMCUyMCUyMCUyMnNhdHVyYXRpb24lMjIlM0ElMjAtMjklMEElMjAlMjAlMjAlMjAlMjAlMjAlN0QlMkMlMEElMjAlMjAlMjAlMjAlMjAlMjAlN0IlMEElMjAlMjAlMjAlMjAlMjAlMjAlMjAlMjAlMjJsaWdodG5lc3MlMjIlM0ElMjAzMCUwQSUyMCUyMCUyMCUyMCUyMCUyMCU3RCUwQSUyMCUyMCUyMCUyMCU1RCUwQSUyMCUyMCU3RCUyQyUwQSUyMCUyMCU3QiUwQSUyMCUyMCUyMCUyMCUyMmZlYXR1cmVUeXBlJTIyJTNBJTIwJTIydHJhbnNpdCUyMiUyQyUwQSUyMCUyMCUyMCUyMCUyMmVsZW1lbnRUeXBlJTIyJTNBJTIwJTIyZ2VvbWV0cnkuZmlsbCUyMiUyQyUwQSUyMCUyMCUyMCUyMCUyMnN0eWxlcnMlMjIlM0ElMjAlNUIlMEElMjAlMjAlMjAlMjAlMjAlMjAlN0IlMEElMjAlMjAlMjAlMjAlMjAlMjAlMjAlMjAlMjJjb2xvciUyMiUzQSUyMCUyMiUyMzY1YWZkZCUyMiUwQSUyMCUyMCUyMCUyMCUyMCUyMCU3RCUyQyUwQSUyMCUyMCUyMCUyMCUyMCUyMCU3QiUwQSUyMCUyMCUyMCUyMCUyMCUyMCUyMCUyMCUyMmxpZ2h0bmVzcyUyMiUzQSUyMDEwJTBBJTIwJTIwJTIwJTIwJTIwJTIwJTdEJTBBJTIwJTIwJTIwJTIwJTVEJTBBJTIwJTIwJTdEJTJDJTBBJTIwJTIwJTdCJTBBJTIwJTIwJTIwJTIwJTIyZmVhdHVyZVR5cGUlMjIlM0ElMjAlMjJ3YXRlciUyMiUyQyUwQSUyMCUyMCUyMCUyMCUyMmVsZW1lbnRUeXBlJTIyJTNBJTIwJTIyZ2VvbWV0cnkuZmlsbCUyMiUyQyUwQSUyMCUyMCUyMCUyMCUyMnN0eWxlcnMlMjIlM0ElMjAlNUIlMEElMjAlMjAlMjAlMjAlMjAlMjAlN0IlMEElMjAlMjAlMjAlMjAlMjAlMjAlMjAlMjAlMjJjb2xvciUyMiUzQSUyMCUyMiUyMzAwNTJhMCUyMiUwQSUyMCUyMCUyMCUyMCUyMCUyMCU3RCUwQSUyMCUyMCUyMCUyMCU1RCUwQSUyMCUyMCU3RCUyQyUwQSUyMCUyMCU3QiUwQSUyMCUyMCUyMCUyMCUyMmZlYXR1cmVUeXBlJTIyJTNBJTIwJTIyd2F0ZXIlMjIlMkMlMEElMjAlMjAlMjAlMjAlMjJlbGVtZW50VHlwZSUyMiUzQSUyMCUyMmxhYmVscy50ZXh0LmZpbGwlMjIlMkMlMEElMjAlMjAlMjAlMjAlMjJzdHlsZXJzJTIyJTNBJTIwJTVCJTBBJTIwJTIwJTIwJTIwJTIwJTIwJTdCJTBBJTIwJTIwJTIwJTIwJTIwJTIwJTIwJTIwJTIyY29sb3IlMjIlM0ElMjAlMjIlMjM2NWFmZGQlMjIlMEElMjAlMjAlMjAlMjAlMjAlMjAlN0QlMEElMjAlMjAlMjAlMjAlNUQlMEElMjAlMjAlN0QlMEElNUQ=\u00a0\u00bb css=\u00a0\u00bb.vc_custom_1522169552119{margin-bottom: 0px !important;}\u00a0\u00bb][lab_google_map_location marker_image=\u00a0\u00bb200&Prime; retina_marker=\u00a0\u00bbyes\u00a0\u00bb latitude=\u00a0\u00bb39.490194&Prime; longitude=\u00a0\u00bb20.260137&Prime; marker_title=\u00a0\u00bbIgoumenitsa\u00a0\u00bb marker_description=\u00a0\u00bbBureau central (Service comptabilit\u00e9) Ladochori &amp; Ioniou Pelagous 1, Nouveau Terminal, Igoumenitsa, 46 100 T\u00e9l\u00e9phones : +30 26650 25.934, 26.081 Fax : +30 26650 27.519 E-mail : ticket@anekigo.gr\u00a0\u00bb][lab_google_map_location marker_image=\u00a0\u00bb200&Prime; retina_marker=\u00a0\u00bbyes\u00a0\u00bb latitude=\u00a0\u00bb39.48839&Prime; longitude=\u00a0\u00bb20.25952&Prime; marker_title=\u00a0\u00bbIgoumenitsa\u00a0\u00bb marker_description=\u00a0\u00bbTerminal d\u2019embarquement Passagers et V\u00e9hicules particuliers (T1)&hellip;<\/p>\n","protected":false},"author":1,"featured_media":0,"parent":0,"menu_order":0,"comment_status":"closed","ping_status":"closed","template":"","meta":{"_acf_changed":false,"footnotes":""},"class_list":["post-3059","page","type-page","status-publish","hentry"],"acf":[],"_links":{"self":[{"href":"https:\/\/euroline.gr\/fr\/wp-json\/wp\/v2\/pages\/3059","targetHints":{"allow":["GET"]}}],"collection":[{"href":"https:\/\/euroline.gr\/fr\/wp-json\/wp\/v2\/pages"}],"about":[{"href":"https:\/\/euroline.gr\/fr\/wp-json\/wp\/v2\/types\/page"}],"author":[{"embeddable":true,"href":"https:\/\/euroline.gr\/fr\/wp-json\/wp\/v2\/users\/1"}],"replies":[{"embeddable":true,"href":"https:\/\/euroline.gr\/fr\/wp-json\/wp\/v2\/comments?post=3059"}],"version-history":[{"count":4,"href":"https:\/\/euroline.gr\/fr\/wp-json\/wp\/v2\/pages\/3059\/revisions"}],"predecessor-version":[{"id":4385,"href":"https:\/\/euroline.gr\/fr\/wp-json\/wp\/v2\/pages\/3059\/revisions\/4385"}],"wp:attachment":[{"href":"https:\/\/euroline.gr\/fr\/wp-json\/wp\/v2\/media?parent=3059"}],"curies":[{"name":"wp","href":"https:\/\/api.w.org\/{rel}","templated":true}]}}