{"id":2877,"date":"2019-01-21T11:58:20","date_gmt":"2019-01-21T09:58:20","guid":{"rendered":"https:\/\/euroline.gr\/?page_id=2877"},"modified":"2025-10-16T15:42:10","modified_gmt":"2025-10-16T12:42:10","slug":"unternehmen","status":"publish","type":"page","link":"https:\/\/euroline.gr\/de\/unternehmen\/","title":{"rendered":"Unternehmen"},"content":{"rendered":"<div class=\"wpb-content-wrapper\"><p>[vc_row full_width=&#8220;stretch_row&#8220; css=&#8220;.vc_custom_1517327525286{background: #fafafa url(https:\/\/euroline.gr\/wp-content\/uploads\/2017\/06\/map-2.png?id=354) !important;background-position: center !important;background-repeat: no-repeat !important;background-size: cover !important;}&#8220;][vc_column][lab_heading title_tag=&#8220;H1&#8243; title=&#8220;Das Unternehmen&#8220; el_class=&#8220;destinations-title&#8220;][\/lab_heading][\/vc_column][\/vc_row][vc_row full_width=&#8220;stretch_row&#8220; css=&#8220;.vc_custom_1517327543095{background-color: #fafafa !important;}&#8220;][vc_column width=&#8220;5\/12&#8243;][lab_heading title_tag=&#8220;H1&#8243; title=&#8220;Euroline &#8211; S. Bakolias &amp; Co GmbH&#8220;][\/lab_heading][lab_scroll_box scroll_height=&#8220;320&#8243; css=&#8220;.vc_custom_1548064619395{padding-top: 0px !important;padding-right: 0px !important;padding-bottom: 0px !important;padding-left: 0px !important;}&#8220;]Das Reiseb\u00fcro <strong>STAVROS BAKOLIAS &amp; CO GMBH<\/strong> mit dem Firmennamen <strong>Euroline Shipping &amp; Cargo L.T.D.<\/strong> arbeitet seit 1999 im Hafen von Igoumenitsa mit LKW-Vermittlungsdiensten f\u00fcr alle Schifffahrtsgesellschaften.<\/p>\n<p>2006 wurde Herr Stavros Bakolias Handelsvertreter \u2013 Schiffsagent von ANEK LINES in Igoumenitsa, und 2013 \u00fcbernahm er auch die zentrale Agentur im Hafen von Patras.<\/p>\n<p>Im Juni 2015 wurde ihm die Hafenagentur f\u00fcr das Schiff Vitsentzos Kornaros der L\u0391\u039d\u0395 SEA LINES von Kalamata nach Kythera \u2013 Kasteli auf Kreta \u00fcbertragen.<\/p>\n<p>Das Unternehmen bietet Dienstleistungen f\u00fcr Tickets \u2013 Cargo \u2013 Schiffsagenten mit vier hochmodernen Anlagen in Igoumenitsa &#8211; Patras und 50 Arbeitnehmern.<\/p>\n<p>Es bedient Auslandsrouten von Patras &amp; Igoumenitsa nach Ancona &amp; Venedig.<\/p>\n<p>In den Jahren 2017 und 2018 bediente <strong>\u0395<\/strong><strong>uroline Shipping &amp; Cargo L.T.D.<\/strong> mehr als 25.000 LKWs j\u00e4hrlich auf den Linien Griechenland \u2013 Italien und Italien &#8211; Griechenland.<\/p>\n<p>Von Zeit zu Zeit \u00fcbernimmt es das Factoring von Kreuzfahrtschiffen, wie beispielsweise im September 2017 des Schiffes Silver Spirit des Unternehmens \u00a0SILVER SEA.[\/lab_scroll_box][\/vc_column][vc_column width=&#8220;7\/12&#8243;][vc_single_image image=&#8220;4323&#8243; img_size=&#8220;full&#8220; alignment=&#8220;center&#8220; onclick=&#8220;link_image&#8220; css_animation=&#8220;fadeIn&#8220; css=&#8220;&#8220;][\/vc_column][\/vc_row][vc_row full_width=&#8220;stretch_row&#8220; css=&#8220;.vc_custom_1517335355161{background-color: #f9f9f9 !important;}&#8220;][vc_column css_animation=&#8220;slideInUp&#8220;][lab_text_autotype typed_text=&#8220;#E-8_JTNDaDIlMjBjbGFzcyUzRCUyMmRoMiUyMiUzRSUyMERlciUyMEt1bmRlbnN0YW1tJTIwZGVzJTIwVW50ZXJuZWhtZW5zJTIwdW1mYXNzdCUyMGdlb2dyYXBoaXNjaCUyMGdhbnolMjAlM0NzcGFuJTIwY2xhc3MlM0QlMjJibG9jayUyMiUzRSUyMCUyQUdyaWVjaGVubGFuZCUyMHVuZCUyMGRhcyUyMEF1c2xhbmQlMjElMkElMjAlM0MlMkZzcGFuJTNFJTNDJTJGaDIlM0UlMEE=&#8220; typed_show_options=&#8220;yes&#8220; typed_options_loopcount=&#8220;3&#8243; typed_options_typespeed=&#8220;5&#8243; css=&#8220;.vc_custom_1548064656874{margin-bottom: 0px !important;padding-top: 20px !important;padding-right: 20px !important;padding-bottom: 20px !important;padding-left: 20px !important;background-color: #eeeeee !important;}&#8220;][\/vc_column][\/vc_row][vc_row full_width=&#8220;stretch_row&#8220; css=&#8220;.vc_custom_1517335355161{background-color: #f9f9f9 !important;}&#8220;][vc_column css_animation=&#8220;slideInUp&#8220; width=&#8220;1\/3&#8243;][vc_single_image image=&#8220;2879&#8243; img_size=&#8220;full&#8220; alignment=&#8220;center&#8220;][\/vc_column][vc_column width=&#8220;2\/3&#8243;][vc_empty_space height=&#8220;130px&#8220; el_class=&#8220;dnnone&#8220;][vc_column_text]Herr Stavros Bakolias, Sohn des Alexandros, mit Abstammung von der Mani und aus Ioannina, wurde am 17.04.1970 geboren und wuchs in Kalamata auf.<\/p>\n<p>Seit 1986 lebt er in Igoumenitsa.<\/p>\n<p>Er spricht perfekt zwei Fremdsprachen, Englisch und Italienisch, und 1992 absolvierte er das BCA COLLEGE ATHENS SHIPPING.<\/p>\n<p>Zuerst arbeitete er bei der Firma Ventouris Ferries und danach bei Minoan Lines bis 1999, als er seine eigene Firma Euroline Shipping &amp; Cargo L.T.D. gr\u00fcndete.[\/vc_column_text][\/vc_column][\/vc_row][vc_row full_width=&#8220;stretch_row&#8220; css=&#8220;.vc_custom_1517329291489{background-color: #fafafa !important;}&#8220;][vc_column][vc_message message_box_style=&#8220;outline&#8220; style=&#8220;square&#8220; message_box_color=&#8220;orange&#8220; icon_fontawesome=&#8220;fa fa-bullseye&#8220; css_animation=&#8220;fadeIn&#8220;]<strong>Ziel<\/strong><\/p>\n<p>Unser Ziel ist es, den kundenorientierten Charakter des Unternehmens in einer Zeit zu bewahren, in der die Technokratie dominiert. Wie kennen die Bed\u00fcrfnisse der Fahrg\u00e4ste und Transportunternehmen gut, und legen daher h\u00f6chsten Wert auf unsere Dienstleistungen. Mit gr\u00fcndlicher Kenntnis der Branche und unter Verwendung der modernen Technologien ist es unser Ziel, beispielhafte Dienstleistungen in einer angenehmen und gastfreundlichen Umgebung anzubieten.[\/vc_message][vc_message message_box_style=&#8220;outline&#8220; style=&#8220;square&#8220; message_box_color=&#8220;sky&#8220; icon_fontawesome=&#8220;fa fa-users&#8220; css_animation=&#8220;fadeIn&#8220;]<strong>Arbeitskr\u00e4fte<\/strong><\/p>\n<p>Die Grundlage f\u00fcr den Erfolg von Euroline sind seine Arbeitskr\u00e4fte und der Teamgeist bei der Arbeit. Wir investieren in die Ausbildung, indem wir f\u00fcr die kontinuierliche und qualit\u00e4tvolle Weiterbildung unserer Mitarbeiter \u00fcber einen klaren und aufgezeichneten Ausbildungsplan sorgen. Wir f\u00fchren regelm\u00e4\u00dfige Weiterbildungsseminare in den Bereichen: Verkaufstechniken und Aufbau des Kundenstamms \/ Marketing \/ Management \/ Beschwerdemanagement \/ Social Media \u2013 Digitale Fertigkeiten durch.[\/vc_message][\/vc_column][\/vc_row]<\/p>\n<\/div>","protected":false},"excerpt":{"rendered":"<p>[vc_row full_width=&#8220;stretch_row&#8220; css=&#8220;.vc_custom_1517327525286{background: #fafafa url(https:\/\/euroline.gr\/wp-content\/uploads\/2017\/06\/map-2.png?id=354) !important;background-position: center !important;background-repeat: no-repeat !important;background-size: cover !important;}&#8220;][vc_column][lab_heading title_tag=&#8220;H1&#8243; title=&#8220;Das Unternehmen&#8220; el_class=&#8220;destinations-title&#8220;][\/lab_heading][\/vc_column][\/vc_row][vc_row full_width=&#8220;stretch_row&#8220; css=&#8220;.vc_custom_1517327543095{background-color: #fafafa !important;}&#8220;][vc_column width=&#8220;5\/12&#8243;][lab_heading title_tag=&#8220;H1&#8243; title=&#8220;Euroline &#8211; S. Bakolias &amp; Co GmbH&#8220;][\/lab_heading][lab_scroll_box scroll_height=&#8220;320&#8243; css=&#8220;.vc_custom_1548064619395{padding-top: 0px !important;padding-right: 0px !important;padding-bottom: 0px !important;padding-left: 0px !important;}&#8220;]Das Reiseb\u00fcro STAVROS BAKOLIAS &amp; CO GMBH mit dem Firmennamen Euroline Shipping &amp; Cargo L.T.D. arbeitet seit&hellip;<\/p>\n","protected":false},"author":1,"featured_media":0,"parent":0,"menu_order":0,"comment_status":"closed","ping_status":"closed","template":"","meta":{"_acf_changed":false,"footnotes":""},"class_list":["post-2877","page","type-page","status-publish","hentry"],"acf":[],"_links":{"self":[{"href":"https:\/\/euroline.gr\/de\/wp-json\/wp\/v2\/pages\/2877","targetHints":{"allow":["GET"]}}],"collection":[{"href":"https:\/\/euroline.gr\/de\/wp-json\/wp\/v2\/pages"}],"about":[{"href":"https:\/\/euroline.gr\/de\/wp-json\/wp\/v2\/types\/page"}],"author":[{"embeddable":true,"href":"https:\/\/euroline.gr\/de\/wp-json\/wp\/v2\/users\/1"}],"replies":[{"embeddable":true,"href":"https:\/\/euroline.gr\/de\/wp-json\/wp\/v2\/comments?post=2877"}],"version-history":[{"count":4,"href":"https:\/\/euroline.gr\/de\/wp-json\/wp\/v2\/pages\/2877\/revisions"}],"predecessor-version":[{"id":4329,"href":"https:\/\/euroline.gr\/de\/wp-json\/wp\/v2\/pages\/2877\/revisions\/4329"}],"wp:attachment":[{"href":"https:\/\/euroline.gr\/de\/wp-json\/wp\/v2\/media?parent=2877"}],"curies":[{"name":"wp","href":"https:\/\/api.w.org\/{rel}","templated":true}]}}